{"id":83769,"date":"2020-10-12T15:40:51","date_gmt":"2020-10-12T13:40:51","guid":{"rendered":"https:\/\/lavi.ee\/?page_id=83769"},"modified":"2023-07-21T11:06:36","modified_gmt":"2023-07-21T09:06:36","slug":"kontakt","status":"publish","type":"page","link":"https:\/\/lavi.ee\/en\/kontakt\/","title":{"rendered":"CONTACT"},"content":{"rendered":"<div class=\"wpb-content-wrapper\"><div data-parent=\"true\" class=\"vc_row inverted-device-order row-container\" id=\"row-unique-0\"><div class=\"row unequal col-no-gutter no-top-padding no-bottom-padding no-h-padding full-width row-parent\" data-height-ratio=\"55\"><div class=\"wpb_row row-inner\"><div class=\"wpb_column pos-top pos-center align_left column_parent col-lg-6 single-internal-gutter\"><div class=\"uncol style-light\"  ><div class=\"uncoltable\" style=\"min-height: 360px;\"><div class=\"uncell triple-block-padding\" ><div class=\"uncont\"><div class=\"uncode_text_column google-map-embedded\" ><p><iframe style=\"border: 0;\" src=\"https:\/\/www.google.com\/maps\/embed?pb=!1m18!1m12!1m3!1d305.7587827582726!2d24.72966147209884!3d59.44018216178563!2m3!1f0!2f0!3f0!3m2!1i1024!2i768!4f13.1!3m3!1m2!1s0x469293c7d2ce6041%3A0x2bb3c474b1072f30!2sL%C3%84VI%20sisearhitektid!5e0!3m2!1sen!2see!4v1686915749495!5m2!1sen!2see\" width=\"600\" height=\"450\" allowfullscreen=\"allowfullscreen\"><\/iframe><\/p>\n<\/div><\/div><\/div><\/div><\/div><\/div><div class=\"wpb_column pos-middle pos-center align_center column_parent col-lg-6 single-internal-gutter\"><div class=\"uncol style-light\"  ><div class=\"uncoltable\"><div class=\"uncell quad-block-padding\" ><div class=\"uncont\" style=\"max-width:600px;\"><div class=\"vc_row row-internal row-container\"><div class=\"row row-child\"><div class=\"wpb_row row-inner\"><div class=\"wpb_column pos-top pos-center align_center column_child col-lg-12 half-internal-gutter\"><div class=\"uncol style-light\" ><div class=\"uncoltable\"><div class=\"uncell no-block-padding\" ><div class=\"uncont\"><div class=\"vc_custom_heading_wrap\"><div class=\"heading-text el-text\" ><h3 class=\"h1\" ><span>CONTACT US<\/span><\/h3><hr class=\"separator-break separator-accent\" \/><\/div><div class=\"clear\"><\/div><\/div><\/div><\/div><\/div><\/div><\/div><\/div><\/div><\/div><div class=\"vc_row row-internal row-container\"><div class=\"row row-child\"><div class=\"wpb_row row-inner\"><div class=\"wpb_column pos-top pos-center align_center column_child col-lg-12 half-internal-gutter\"><div class=\"uncol style-light\" ><div class=\"uncoltable\"><div class=\"uncell no-block-padding\" ><div class=\"uncont\"><div class=\"uncode_text_column\" ><p><span style=\"color: #000000;\">L\u00c4VI O\u00dc<\/span><br \/>\n<span style=\"color: #000000;\">Telliskivi 60\/1, ON-Building, O-Entrance, 3rd floor, 10412 Tallinn<\/span><\/p>\n<p><span style=\"color: #000000;\"><a style=\"color: #000000;\" href=\"mailto:tere@lavi.ee\">hello@lavi.ee<\/a><\/span><br \/>\n<span style=\"color: #000000;\">+372 5648 8013<\/span><\/p>\n<p><span style=\"color: #000000;\">Register code: 14864843<\/span><br \/>\n<span style=\"color: #000000;\">KMKR nr: EE102220872<\/span><\/p>\n<\/div><\/div><\/div><\/div><\/div><\/div><\/div><\/div><\/div><div class=\"vc_row row-internal row-container\"><div class=\"row row-child\"><div class=\"wpb_row row-inner\"><div class=\"wpb_column pos-top pos-center align_center column_child col-lg-12 half-internal-gutter\"><div class=\"uncol style-light\" ><div class=\"uncoltable\"><div class=\"uncell no-block-padding\" ><div class=\"uncont\"><div class=\"uncode-vc-social  icons-lead\"><div class=\"social-icon icon-box icon-box-top icon-inline\" ><a href=\"https:\/\/www.facebook.com\/LAVIsisearhitektid\" target=\"_blank\"><i class=\"fa fa-social-facebook\"><\/i><\/a><\/div><div class=\"social-icon icon-box icon-box-top icon-inline\" ><a href=\"https:\/\/www.instagram.com\/lavi_sisearhitektid\/\" target=\"_blank\"><i class=\"fa fa-instagram\"><\/i><\/a><\/div><\/div><\/div><\/div><\/div><\/div><\/div><\/div><\/div><\/div><\/div><\/div><\/div><\/div><\/div><script id=\"script-row-unique-0\" data-row=\"script-row-unique-0\" type=\"text\/javascript\" class=\"vc_controls\">UNCODE.initRow(document.getElementById(\"row-unique-0\"));<\/script><\/div><\/div><\/div>\n<\/div>","protected":false},"excerpt":{"rendered":"V\u00d5TA \u00dcHENDUSTL\u00c4VI O\u00dc Telliskivi 60\/1, ON-Hoone, O-Sissep\u00e4\u00e4s, 3.korrus, 10412 Tallinn tere@lavi.ee +372 5648 8013 Registrikood: 14864843 KMKR nr: EE102220872","protected":false},"author":2,"featured_media":0,"parent":0,"menu_order":0,"comment_status":"closed","ping_status":"closed","template":"","meta":{"om_disable_all_campaigns":false,"_monsterinsights_skip_tracking":false,"_monsterinsights_sitenote_active":false,"_monsterinsights_sitenote_note":"","_monsterinsights_sitenote_category":0,"footnotes":""},"class_list":["post-83769","page","type-page","status-publish","hentry"],"yoast_head":"<!-- This site is optimized with the Yoast SEO plugin v27.4 - https:\/\/yoast.com\/product\/yoast-seo-wordpress\/ -->\n<title>KONTAKT - L\u00c4VI sisearhitektid<\/title>\n<meta name=\"description\" content=\"V\u00f5ta meiega \u00fchendust. L\u00c4VI O\u00dc asub Telliskivi 60\/1, 10412 Tallinn. Kirjuta tere@lavi.ee v\u00f5i helista +372 5648 8013. Registrikood: 14864843.\" \/>\n<meta name=\"robots\" content=\"index, follow, max-snippet:-1, max-image-preview:large, max-video-preview:-1\" \/>\n<link rel=\"canonical\" href=\"https:\/\/lavi.ee\/en\/kontakt\/\" \/>\n<meta property=\"og:locale\" content=\"en_GB\" \/>\n<meta property=\"og:type\" content=\"article\" \/>\n<meta property=\"og:title\" content=\"KONTAKT - L\u00c4VI sisearhitektid\" \/>\n<meta property=\"og:description\" content=\"V\u00f5ta meiega \u00fchendust. L\u00c4VI O\u00dc asub Telliskivi 60\/1, 10412 Tallinn. Kirjuta tere@lavi.ee v\u00f5i helista +372 5648 8013. Registrikood: 14864843.\" \/>\n<meta property=\"og:url\" content=\"https:\/\/lavi.ee\/en\/kontakt\/\" \/>\n<meta property=\"og:site_name\" content=\"L\u00c4VI sisearhitektid\" \/>\n<meta property=\"article:modified_time\" content=\"2023-07-21T09:06:36+00:00\" \/>\n<meta name=\"twitter:card\" content=\"summary_large_image\" \/>\n<meta name=\"twitter:label1\" content=\"Estimated reading time\" \/>\n\t<meta name=\"twitter:data1\" content=\"1 minute\" \/>\n<script type=\"application\/ld+json\" class=\"yoast-schema-graph\">{\"@context\":\"https:\\\/\\\/schema.org\",\"@graph\":[{\"@type\":\"WebPage\",\"@id\":\"https:\\\/\\\/lavi.ee\\\/kontakt\\\/\",\"url\":\"https:\\\/\\\/lavi.ee\\\/kontakt\\\/\",\"name\":\"KONTAKT - L\u00c4VI sisearhitektid\",\"isPartOf\":{\"@id\":\"https:\\\/\\\/lavi.ee\\\/#website\"},\"datePublished\":\"2020-10-12T13:40:51+00:00\",\"dateModified\":\"2023-07-21T09:06:36+00:00\",\"description\":\"V\u00f5ta meiega \u00fchendust. L\u00c4VI O\u00dc asub Telliskivi 60\\\/1, 10412 Tallinn. Kirjuta tere@lavi.ee v\u00f5i helista +372 5648 8013. Registrikood: 14864843.\",\"breadcrumb\":{\"@id\":\"https:\\\/\\\/lavi.ee\\\/kontakt\\\/#breadcrumb\"},\"inLanguage\":\"en-GB\",\"potentialAction\":[{\"@type\":\"ReadAction\",\"target\":[\"https:\\\/\\\/lavi.ee\\\/kontakt\\\/\"]}]},{\"@type\":\"BreadcrumbList\",\"@id\":\"https:\\\/\\\/lavi.ee\\\/kontakt\\\/#breadcrumb\",\"itemListElement\":[{\"@type\":\"ListItem\",\"position\":1,\"name\":\"Home\",\"item\":\"https:\\\/\\\/lavi.ee\\\/\"},{\"@type\":\"ListItem\",\"position\":2,\"name\":\"KONTAKT\"}]},{\"@type\":\"WebSite\",\"@id\":\"https:\\\/\\\/lavi.ee\\\/#website\",\"url\":\"https:\\\/\\\/lavi.ee\\\/\",\"name\":\"L\u00c4VI sisearhitektid\",\"description\":\"Samm paremasse ruumi\",\"publisher\":{\"@id\":\"https:\\\/\\\/lavi.ee\\\/#organization\"},\"potentialAction\":[{\"@type\":\"SearchAction\",\"target\":{\"@type\":\"EntryPoint\",\"urlTemplate\":\"https:\\\/\\\/lavi.ee\\\/?s={search_term_string}\"},\"query-input\":{\"@type\":\"PropertyValueSpecification\",\"valueRequired\":true,\"valueName\":\"search_term_string\"}}],\"inLanguage\":\"en-GB\"},{\"@type\":\"Organization\",\"@id\":\"https:\\\/\\\/lavi.ee\\\/#organization\",\"name\":\"L\u00c4VI sisearhitektid\",\"url\":\"https:\\\/\\\/lavi.ee\\\/\",\"logo\":{\"@type\":\"ImageObject\",\"inLanguage\":\"en-GB\",\"@id\":\"https:\\\/\\\/lavi.ee\\\/#\\\/schema\\\/logo\\\/image\\\/\",\"url\":\"https:\\\/\\\/lavi.ee\\\/wp-content\\\/uploads\\\/2020\\\/06\\\/lavi_symbol.png\",\"contentUrl\":\"https:\\\/\\\/lavi.ee\\\/wp-content\\\/uploads\\\/2020\\\/06\\\/lavi_symbol.png\",\"width\":1418,\"height\":1122,\"caption\":\"L\u00c4VI sisearhitektid\"},\"image\":{\"@id\":\"https:\\\/\\\/lavi.ee\\\/#\\\/schema\\\/logo\\\/image\\\/\"}}]}<\/script>\n<!-- \/ Yoast SEO plugin. -->","yoast_head_json":{"title":"KONTAKT - L\u00c4VI sisearhitektid","description":"V\u00f5ta meiega \u00fchendust. L\u00c4VI O\u00dc asub Telliskivi 60\/1, 10412 Tallinn. Kirjuta tere@lavi.ee v\u00f5i helista +372 5648 8013. Registrikood: 14864843.","robots":{"index":"index","follow":"follow","max-snippet":"max-snippet:-1","max-image-preview":"max-image-preview:large","max-video-preview":"max-video-preview:-1"},"canonical":"https:\/\/lavi.ee\/en\/kontakt\/","og_locale":"en_GB","og_type":"article","og_title":"KONTAKT - L\u00c4VI sisearhitektid","og_description":"V\u00f5ta meiega \u00fchendust. L\u00c4VI O\u00dc asub Telliskivi 60\/1, 10412 Tallinn. Kirjuta tere@lavi.ee v\u00f5i helista +372 5648 8013. Registrikood: 14864843.","og_url":"https:\/\/lavi.ee\/en\/kontakt\/","og_site_name":"L\u00c4VI sisearhitektid","article_modified_time":"2023-07-21T09:06:36+00:00","twitter_card":"summary_large_image","twitter_misc":{"Estimated reading time":"1 minute"},"schema":{"@context":"https:\/\/schema.org","@graph":[{"@type":"WebPage","@id":"https:\/\/lavi.ee\/kontakt\/","url":"https:\/\/lavi.ee\/kontakt\/","name":"KONTAKT - L\u00c4VI sisearhitektid","isPartOf":{"@id":"https:\/\/lavi.ee\/#website"},"datePublished":"2020-10-12T13:40:51+00:00","dateModified":"2023-07-21T09:06:36+00:00","description":"V\u00f5ta meiega \u00fchendust. L\u00c4VI O\u00dc asub Telliskivi 60\/1, 10412 Tallinn. Kirjuta tere@lavi.ee v\u00f5i helista +372 5648 8013. Registrikood: 14864843.","breadcrumb":{"@id":"https:\/\/lavi.ee\/kontakt\/#breadcrumb"},"inLanguage":"en-GB","potentialAction":[{"@type":"ReadAction","target":["https:\/\/lavi.ee\/kontakt\/"]}]},{"@type":"BreadcrumbList","@id":"https:\/\/lavi.ee\/kontakt\/#breadcrumb","itemListElement":[{"@type":"ListItem","position":1,"name":"Home","item":"https:\/\/lavi.ee\/"},{"@type":"ListItem","position":2,"name":"KONTAKT"}]},{"@type":"WebSite","@id":"https:\/\/lavi.ee\/#website","url":"https:\/\/lavi.ee\/","name":"L\u00c4VI sisearhitektid","description":"Samm paremasse ruumi","publisher":{"@id":"https:\/\/lavi.ee\/#organization"},"potentialAction":[{"@type":"SearchAction","target":{"@type":"EntryPoint","urlTemplate":"https:\/\/lavi.ee\/?s={search_term_string}"},"query-input":{"@type":"PropertyValueSpecification","valueRequired":true,"valueName":"search_term_string"}}],"inLanguage":"en-GB"},{"@type":"Organization","@id":"https:\/\/lavi.ee\/#organization","name":"L\u00c4VI sisearhitektid","url":"https:\/\/lavi.ee\/","logo":{"@type":"ImageObject","inLanguage":"en-GB","@id":"https:\/\/lavi.ee\/#\/schema\/logo\/image\/","url":"https:\/\/lavi.ee\/wp-content\/uploads\/2020\/06\/lavi_symbol.png","contentUrl":"https:\/\/lavi.ee\/wp-content\/uploads\/2020\/06\/lavi_symbol.png","width":1418,"height":1122,"caption":"L\u00c4VI sisearhitektid"},"image":{"@id":"https:\/\/lavi.ee\/#\/schema\/logo\/image\/"}}]}},"_links":{"self":[{"href":"https:\/\/lavi.ee\/en\/wp-json\/wp\/v2\/pages\/83769","targetHints":{"allow":["GET"]}}],"collection":[{"href":"https:\/\/lavi.ee\/en\/wp-json\/wp\/v2\/pages"}],"about":[{"href":"https:\/\/lavi.ee\/en\/wp-json\/wp\/v2\/types\/page"}],"author":[{"embeddable":true,"href":"https:\/\/lavi.ee\/en\/wp-json\/wp\/v2\/users\/2"}],"replies":[{"embeddable":true,"href":"https:\/\/lavi.ee\/en\/wp-json\/wp\/v2\/comments?post=83769"}],"version-history":[{"count":5,"href":"https:\/\/lavi.ee\/en\/wp-json\/wp\/v2\/pages\/83769\/revisions"}],"predecessor-version":[{"id":84926,"href":"https:\/\/lavi.ee\/en\/wp-json\/wp\/v2\/pages\/83769\/revisions\/84926"}],"wp:attachment":[{"href":"https:\/\/lavi.ee\/en\/wp-json\/wp\/v2\/media?parent=83769"}],"curies":[{"name":"wp","href":"https:\/\/api.w.org\/{rel}","templated":true}]}}