{"id":84179,"date":"2020-12-04T16:18:37","date_gmt":"2020-12-04T14:18:37","guid":{"rendered":"https:\/\/lavi.ee\/?page_id=84179"},"modified":"2020-12-04T16:22:39","modified_gmt":"2020-12-04T14:22:39","slug":"starditoetus","status":"publish","type":"page","link":"https:\/\/lavi.ee\/en\/starditoetus\/","title":{"rendered":"STARDITOETUS"},"content":{"rendered":"<div class=\"wpb-content-wrapper\"><div data-parent=\"true\" class=\"vc_row row-container\" id=\"row-unique-0\"><div class=\"row col-one-gutter limit-width row-parent\"><div class=\"wpb_row row-inner\"><div class=\"wpb_column pos-top pos-center align_left column_parent col-lg-3 single-internal-gutter\"><div class=\"uncol style-light\"  ><div class=\"uncoltable\"><div class=\"uncell no-block-padding\" ><div class=\"uncont\" style=\"max-width:70%;\"><div class=\"uncode-single-media  text-left\"><div class=\"single-wrapper\" style=\"max-width: 75%;\"><div class=\"tmb tmb-light  tmb-media-first tmb-media-last tmb-content-overlay tmb-no-bg\"><div class=\"t-inside\"><div class=\"t-entry-visual\"><div class=\"t-entry-visual-tc\"><div class=\"uncode-single-media-wrapper\"><img decoding=\"async\" class=\"wp-image-84175\" src=\"https:\/\/lavi.ee\/wp-content\/uploads\/2016\/02\/el_regionaalarengu_fond_horisontaalne-scaled.jpg\" width=\"2560\" height=\"1482\" alt=\"\" srcset=\"https:\/\/lavi.ee\/wp-content\/uploads\/2016\/02\/el_regionaalarengu_fond_horisontaalne-scaled.jpg 2560w, https:\/\/lavi.ee\/wp-content\/uploads\/2016\/02\/el_regionaalarengu_fond_horisontaalne-300x174.jpg 300w, https:\/\/lavi.ee\/wp-content\/uploads\/2016\/02\/el_regionaalarengu_fond_horisontaalne-1024x593.jpg 1024w, https:\/\/lavi.ee\/wp-content\/uploads\/2016\/02\/el_regionaalarengu_fond_horisontaalne-768x444.jpg 768w, https:\/\/lavi.ee\/wp-content\/uploads\/2016\/02\/el_regionaalarengu_fond_horisontaalne-1536x889.jpg 1536w, https:\/\/lavi.ee\/wp-content\/uploads\/2016\/02\/el_regionaalarengu_fond_horisontaalne-2048x1185.jpg 2048w\" sizes=\"(max-width: 2560px) 100vw, 2560px\" \/><\/div>\n\t\t\t\t\t<\/div>\n\t\t\t\t<\/div><\/div><\/div><\/div><\/div><\/div><\/div><\/div><\/div><\/div><div class=\"wpb_column pos-top pos-center align_left column_parent col-lg-9 single-internal-gutter\"><div class=\"uncol style-light\"  ><div class=\"uncoltable\"><div class=\"uncell no-block-padding\" ><div class=\"uncont\"><div class=\"uncode_text_column\" ><p>Euroopa Regionaalarengu Fond aitab L\u00c4VI O\u00dc-d l\u00e4bi starditoetuse 15 000\u20ac-ga, mille eesm\u00e4rk on arendada L\u00c4VI turundustegevusi ja meeskonna ehitusinformatsiooni modelleerimise ehk BIM projekteerimise v\u00f5imekust, mis on \u00fcks eeldusi ettev\u00f5tte laienemiseks ja arenguks nii sise- kui ka v\u00e4listurul.<\/p>\n<\/div><\/div><\/div><\/div><\/div><\/div><script id=\"script-row-unique-0\" data-row=\"script-row-unique-0\" type=\"text\/javascript\" class=\"vc_controls\">UNCODE.initRow(document.getElementById(\"row-unique-0\"));<\/script><\/div><\/div><\/div>\n<\/div>","protected":false},"excerpt":{"rendered":"Euroopa Regionaalarengu Fond aitab L\u00c4VI O\u00dc-d l\u00e4bi starditoetuse 15 000\u20ac-ga, mille eesm\u00e4rk on arendada L\u00c4VI turundustegevusi ja meeskonna ehitusinformatsiooni modelleerimise [...]","protected":false},"author":1,"featured_media":83884,"parent":0,"menu_order":0,"comment_status":"closed","ping_status":"closed","template":"","meta":{"om_disable_all_campaigns":false,"_monsterinsights_skip_tracking":false,"_monsterinsights_sitenote_active":false,"_monsterinsights_sitenote_note":"","_monsterinsights_sitenote_category":0,"footnotes":""},"class_list":["post-84179","page","type-page","status-publish","has-post-thumbnail","hentry"],"yoast_head":"<!-- This site is optimized with the Yoast SEO plugin v27.4 - https:\/\/yoast.com\/product\/yoast-seo-wordpress\/ -->\n<title>STARDITOETUS - L\u00c4VI sisearhitektid<\/title>\n<meta name=\"robots\" content=\"index, follow, max-snippet:-1, max-image-preview:large, max-video-preview:-1\" \/>\n<link rel=\"canonical\" href=\"https:\/\/lavi.ee\/en\/starditoetus\/\" \/>\n<meta property=\"og:locale\" content=\"en_GB\" \/>\n<meta property=\"og:type\" content=\"article\" \/>\n<meta property=\"og:title\" content=\"STARDITOETUS - L\u00c4VI sisearhitektid\" \/>\n<meta property=\"og:url\" content=\"https:\/\/lavi.ee\/en\/starditoetus\/\" \/>\n<meta property=\"og:site_name\" content=\"L\u00c4VI sisearhitektid\" \/>\n<meta property=\"article:modified_time\" content=\"2020-12-04T14:22:39+00:00\" \/>\n<meta property=\"og:image\" content=\"https:\/\/lavi.ee\/wp-content\/uploads\/2020\/10\/profiilikas-36.3-scaled.jpg\" \/>\n\t<meta property=\"og:image:width\" content=\"2560\" \/>\n\t<meta property=\"og:image:height\" content=\"1103\" \/>\n\t<meta property=\"og:image:type\" content=\"image\/jpeg\" \/>\n<meta name=\"twitter:card\" content=\"summary_large_image\" \/>\n<meta name=\"twitter:label1\" content=\"Estimated reading time\" \/>\n\t<meta name=\"twitter:data1\" content=\"1 minute\" \/>\n<script type=\"application\/ld+json\" class=\"yoast-schema-graph\">{\"@context\":\"https:\\\/\\\/schema.org\",\"@graph\":[{\"@type\":\"WebPage\",\"@id\":\"https:\\\/\\\/lavi.ee\\\/starditoetus\\\/\",\"url\":\"https:\\\/\\\/lavi.ee\\\/starditoetus\\\/\",\"name\":\"STARDITOETUS - L\u00c4VI sisearhitektid\",\"isPartOf\":{\"@id\":\"https:\\\/\\\/lavi.ee\\\/#website\"},\"primaryImageOfPage\":{\"@id\":\"https:\\\/\\\/lavi.ee\\\/starditoetus\\\/#primaryimage\"},\"image\":{\"@id\":\"https:\\\/\\\/lavi.ee\\\/starditoetus\\\/#primaryimage\"},\"thumbnailUrl\":\"https:\\\/\\\/lavi.ee\\\/wp-content\\\/uploads\\\/2020\\\/10\\\/profiilikas-36.3-scaled.jpg\",\"datePublished\":\"2020-12-04T14:18:37+00:00\",\"dateModified\":\"2020-12-04T14:22:39+00:00\",\"breadcrumb\":{\"@id\":\"https:\\\/\\\/lavi.ee\\\/starditoetus\\\/#breadcrumb\"},\"inLanguage\":\"en-GB\",\"potentialAction\":[{\"@type\":\"ReadAction\",\"target\":[\"https:\\\/\\\/lavi.ee\\\/starditoetus\\\/\"]}]},{\"@type\":\"ImageObject\",\"inLanguage\":\"en-GB\",\"@id\":\"https:\\\/\\\/lavi.ee\\\/starditoetus\\\/#primaryimage\",\"url\":\"https:\\\/\\\/lavi.ee\\\/wp-content\\\/uploads\\\/2020\\\/10\\\/profiilikas-36.3-scaled.jpg\",\"contentUrl\":\"https:\\\/\\\/lavi.ee\\\/wp-content\\\/uploads\\\/2020\\\/10\\\/profiilikas-36.3-scaled.jpg\",\"width\":2560,\"height\":1103},{\"@type\":\"BreadcrumbList\",\"@id\":\"https:\\\/\\\/lavi.ee\\\/starditoetus\\\/#breadcrumb\",\"itemListElement\":[{\"@type\":\"ListItem\",\"position\":1,\"name\":\"Home\",\"item\":\"https:\\\/\\\/lavi.ee\\\/\"},{\"@type\":\"ListItem\",\"position\":2,\"name\":\"STARDITOETUS\"}]},{\"@type\":\"WebSite\",\"@id\":\"https:\\\/\\\/lavi.ee\\\/#website\",\"url\":\"https:\\\/\\\/lavi.ee\\\/\",\"name\":\"L\u00c4VI sisearhitektid\",\"description\":\"Samm paremasse ruumi\",\"publisher\":{\"@id\":\"https:\\\/\\\/lavi.ee\\\/#organization\"},\"potentialAction\":[{\"@type\":\"SearchAction\",\"target\":{\"@type\":\"EntryPoint\",\"urlTemplate\":\"https:\\\/\\\/lavi.ee\\\/?s={search_term_string}\"},\"query-input\":{\"@type\":\"PropertyValueSpecification\",\"valueRequired\":true,\"valueName\":\"search_term_string\"}}],\"inLanguage\":\"en-GB\"},{\"@type\":\"Organization\",\"@id\":\"https:\\\/\\\/lavi.ee\\\/#organization\",\"name\":\"L\u00c4VI sisearhitektid\",\"url\":\"https:\\\/\\\/lavi.ee\\\/\",\"logo\":{\"@type\":\"ImageObject\",\"inLanguage\":\"en-GB\",\"@id\":\"https:\\\/\\\/lavi.ee\\\/#\\\/schema\\\/logo\\\/image\\\/\",\"url\":\"https:\\\/\\\/lavi.ee\\\/wp-content\\\/uploads\\\/2020\\\/06\\\/lavi_symbol.png\",\"contentUrl\":\"https:\\\/\\\/lavi.ee\\\/wp-content\\\/uploads\\\/2020\\\/06\\\/lavi_symbol.png\",\"width\":1418,\"height\":1122,\"caption\":\"L\u00c4VI sisearhitektid\"},\"image\":{\"@id\":\"https:\\\/\\\/lavi.ee\\\/#\\\/schema\\\/logo\\\/image\\\/\"}}]}<\/script>\n<!-- \/ Yoast SEO plugin. -->","yoast_head_json":{"title":"STARDITOETUS - L\u00c4VI sisearhitektid","robots":{"index":"index","follow":"follow","max-snippet":"max-snippet:-1","max-image-preview":"max-image-preview:large","max-video-preview":"max-video-preview:-1"},"canonical":"https:\/\/lavi.ee\/en\/starditoetus\/","og_locale":"en_GB","og_type":"article","og_title":"STARDITOETUS - L\u00c4VI sisearhitektid","og_url":"https:\/\/lavi.ee\/en\/starditoetus\/","og_site_name":"L\u00c4VI sisearhitektid","article_modified_time":"2020-12-04T14:22:39+00:00","og_image":[{"width":2560,"height":1103,"url":"https:\/\/lavi.ee\/wp-content\/uploads\/2020\/10\/profiilikas-36.3-scaled.jpg","type":"image\/jpeg"}],"twitter_card":"summary_large_image","twitter_misc":{"Estimated reading time":"1 minute"},"schema":{"@context":"https:\/\/schema.org","@graph":[{"@type":"WebPage","@id":"https:\/\/lavi.ee\/starditoetus\/","url":"https:\/\/lavi.ee\/starditoetus\/","name":"STARDITOETUS - L\u00c4VI sisearhitektid","isPartOf":{"@id":"https:\/\/lavi.ee\/#website"},"primaryImageOfPage":{"@id":"https:\/\/lavi.ee\/starditoetus\/#primaryimage"},"image":{"@id":"https:\/\/lavi.ee\/starditoetus\/#primaryimage"},"thumbnailUrl":"https:\/\/lavi.ee\/wp-content\/uploads\/2020\/10\/profiilikas-36.3-scaled.jpg","datePublished":"2020-12-04T14:18:37+00:00","dateModified":"2020-12-04T14:22:39+00:00","breadcrumb":{"@id":"https:\/\/lavi.ee\/starditoetus\/#breadcrumb"},"inLanguage":"en-GB","potentialAction":[{"@type":"ReadAction","target":["https:\/\/lavi.ee\/starditoetus\/"]}]},{"@type":"ImageObject","inLanguage":"en-GB","@id":"https:\/\/lavi.ee\/starditoetus\/#primaryimage","url":"https:\/\/lavi.ee\/wp-content\/uploads\/2020\/10\/profiilikas-36.3-scaled.jpg","contentUrl":"https:\/\/lavi.ee\/wp-content\/uploads\/2020\/10\/profiilikas-36.3-scaled.jpg","width":2560,"height":1103},{"@type":"BreadcrumbList","@id":"https:\/\/lavi.ee\/starditoetus\/#breadcrumb","itemListElement":[{"@type":"ListItem","position":1,"name":"Home","item":"https:\/\/lavi.ee\/"},{"@type":"ListItem","position":2,"name":"STARDITOETUS"}]},{"@type":"WebSite","@id":"https:\/\/lavi.ee\/#website","url":"https:\/\/lavi.ee\/","name":"L\u00c4VI sisearhitektid","description":"Samm paremasse ruumi","publisher":{"@id":"https:\/\/lavi.ee\/#organization"},"potentialAction":[{"@type":"SearchAction","target":{"@type":"EntryPoint","urlTemplate":"https:\/\/lavi.ee\/?s={search_term_string}"},"query-input":{"@type":"PropertyValueSpecification","valueRequired":true,"valueName":"search_term_string"}}],"inLanguage":"en-GB"},{"@type":"Organization","@id":"https:\/\/lavi.ee\/#organization","name":"L\u00c4VI sisearhitektid","url":"https:\/\/lavi.ee\/","logo":{"@type":"ImageObject","inLanguage":"en-GB","@id":"https:\/\/lavi.ee\/#\/schema\/logo\/image\/","url":"https:\/\/lavi.ee\/wp-content\/uploads\/2020\/06\/lavi_symbol.png","contentUrl":"https:\/\/lavi.ee\/wp-content\/uploads\/2020\/06\/lavi_symbol.png","width":1418,"height":1122,"caption":"L\u00c4VI sisearhitektid"},"image":{"@id":"https:\/\/lavi.ee\/#\/schema\/logo\/image\/"}}]}},"_links":{"self":[{"href":"https:\/\/lavi.ee\/en\/wp-json\/wp\/v2\/pages\/84179","targetHints":{"allow":["GET"]}}],"collection":[{"href":"https:\/\/lavi.ee\/en\/wp-json\/wp\/v2\/pages"}],"about":[{"href":"https:\/\/lavi.ee\/en\/wp-json\/wp\/v2\/types\/page"}],"author":[{"embeddable":true,"href":"https:\/\/lavi.ee\/en\/wp-json\/wp\/v2\/users\/1"}],"replies":[{"embeddable":true,"href":"https:\/\/lavi.ee\/en\/wp-json\/wp\/v2\/comments?post=84179"}],"version-history":[{"count":3,"href":"https:\/\/lavi.ee\/en\/wp-json\/wp\/v2\/pages\/84179\/revisions"}],"predecessor-version":[{"id":84182,"href":"https:\/\/lavi.ee\/en\/wp-json\/wp\/v2\/pages\/84179\/revisions\/84182"}],"wp:featuredmedia":[{"embeddable":true,"href":"https:\/\/lavi.ee\/en\/wp-json\/wp\/v2\/media\/83884"}],"wp:attachment":[{"href":"https:\/\/lavi.ee\/en\/wp-json\/wp\/v2\/media?parent=84179"}],"curies":[{"name":"wp","href":"https:\/\/api.w.org\/{rel}","templated":true}]}}